{"id":3,"date":"2025-10-15T15:33:39","date_gmt":"2025-10-15T15:33:39","guid":{"rendered":"https:\/\/minbis.com\/joaco\/mi-pagina-principal\/"},"modified":"2025-11-06T01:44:01","modified_gmt":"2025-11-06T01:44:01","slug":"mi-pagina-principal","status":"publish","type":"page","link":"https:\/\/minbis.com\/joaco\/","title":{"rendered":"Joaco"},"content":{"rendered":"","protected":false},"excerpt":{"rendered":"","protected":false},"author":60,"featured_media":0,"parent":0,"menu_order":0,"comment_status":"closed","ping_status":"closed","template":"page-minisite.php","meta":{"_minbis_meta":null,"_minbis_structure":["funciona","video_presentacion","faq","agendar","experta"],"footnotes":""},"class_list":["post-3","page","type-page","status-publish"],"yoast_head":"<!-- This site is optimized with the Yoast SEO plugin v27.4 - https:\/\/yoast.com\/product\/yoast-seo-wordpress\/ -->\n<title>Joaco: Creador de minbis y tu mentor de marketing digital<\/title>\n<meta name=\"description\" content=\"\u00danete a minbis y obt\u00e9n tu p\u00e1gina web profesional (con agendador, cotizador y mucho +) y un mentor de marketing desde 150 pesos\/mes.\" \/>\n<meta name=\"robots\" content=\"index, follow, max-snippet:-1, max-image-preview:large, max-video-preview:-1\" \/>\n<link rel=\"canonical\" href=\"https:\/\/minbis.com\/joaco\/\" \/>\n<meta property=\"og:locale\" content=\"es_MX\" \/>\n<meta property=\"og:type\" content=\"article\" \/>\n<meta property=\"og:title\" content=\"Joaco: Creador de minbis y tu mentor de marketing digital\" \/>\n<meta property=\"og:description\" content=\"\u00danete a minbis y obt\u00e9n tu p\u00e1gina web profesional (con agendador, cotizador y mucho +) y un mentor de marketing desde 150 pesos\/mes.\" \/>\n<meta property=\"og:url\" content=\"https:\/\/minbis.com\/joaco\/\" \/>\n<meta property=\"og:site_name\" content=\"Joaco\" \/>\n<meta property=\"article:modified_time\" content=\"2025-11-06T01:44:01+00:00\" \/>\n<meta name=\"twitter:card\" content=\"summary_large_image\" \/>\n<script type=\"application\/ld+json\" class=\"yoast-schema-graph\">{\"@context\":\"https:\\\/\\\/schema.org\",\"@graph\":[{\"@type\":\"WebPage\",\"@id\":\"https:\\\/\\\/minbis.com\\\/joaco\\\/\",\"url\":\"https:\\\/\\\/minbis.com\\\/joaco\\\/\",\"name\":\"Joaco: Creador de minbis y tu mentor de marketing digital\",\"isPartOf\":{\"@id\":\"https:\\\/\\\/minbis.com\\\/joaco\\\/#website\"},\"datePublished\":\"2025-10-15T15:33:39+00:00\",\"dateModified\":\"2025-11-06T01:44:01+00:00\",\"description\":\"\u00danete a minbis y obt\u00e9n tu p\u00e1gina web profesional (con agendador, cotizador y mucho +) y un mentor de marketing desde 150 pesos\\\/mes.\",\"inLanguage\":\"es\",\"potentialAction\":[{\"@type\":\"ReadAction\",\"target\":[\"https:\\\/\\\/minbis.com\\\/joaco\\\/\"]}]},{\"@type\":\"WebSite\",\"@id\":\"https:\\\/\\\/minbis.com\\\/joaco\\\/#website\",\"url\":\"https:\\\/\\\/minbis.com\\\/joaco\\\/\",\"name\":\"Joaco\",\"description\":\"\",\"potentialAction\":[{\"@type\":\"SearchAction\",\"target\":{\"@type\":\"EntryPoint\",\"urlTemplate\":\"https:\\\/\\\/minbis.com\\\/joaco\\\/?s={search_term_string}\"},\"query-input\":{\"@type\":\"PropertyValueSpecification\",\"valueRequired\":true,\"valueName\":\"search_term_string\"}}],\"inLanguage\":\"es\"}]}<\/script>\n<!-- \/ Yoast SEO plugin. -->","yoast_head_json":{"title":"Joaco: Creador de minbis y tu mentor de marketing digital","description":"\u00danete a minbis y obt\u00e9n tu p\u00e1gina web profesional (con agendador, cotizador y mucho +) y un mentor de marketing desde 150 pesos\/mes.","robots":{"index":"index","follow":"follow","max-snippet":"max-snippet:-1","max-image-preview":"max-image-preview:large","max-video-preview":"max-video-preview:-1"},"canonical":"https:\/\/minbis.com\/joaco\/","og_locale":"es_MX","og_type":"article","og_title":"Joaco: Creador de minbis y tu mentor de marketing digital","og_description":"\u00danete a minbis y obt\u00e9n tu p\u00e1gina web profesional (con agendador, cotizador y mucho +) y un mentor de marketing desde 150 pesos\/mes.","og_url":"https:\/\/minbis.com\/joaco\/","og_site_name":"Joaco","article_modified_time":"2025-11-06T01:44:01+00:00","twitter_card":"summary_large_image","schema":{"@context":"https:\/\/schema.org","@graph":[{"@type":"WebPage","@id":"https:\/\/minbis.com\/joaco\/","url":"https:\/\/minbis.com\/joaco\/","name":"Joaco: Creador de minbis y tu mentor de marketing digital","isPartOf":{"@id":"https:\/\/minbis.com\/joaco\/#website"},"datePublished":"2025-10-15T15:33:39+00:00","dateModified":"2025-11-06T01:44:01+00:00","description":"\u00danete a minbis y obt\u00e9n tu p\u00e1gina web profesional (con agendador, cotizador y mucho +) y un mentor de marketing desde 150 pesos\/mes.","inLanguage":"es","potentialAction":[{"@type":"ReadAction","target":["https:\/\/minbis.com\/joaco\/"]}]},{"@type":"WebSite","@id":"https:\/\/minbis.com\/joaco\/#website","url":"https:\/\/minbis.com\/joaco\/","name":"Joaco","description":"","potentialAction":[{"@type":"SearchAction","target":{"@type":"EntryPoint","urlTemplate":"https:\/\/minbis.com\/joaco\/?s={search_term_string}"},"query-input":{"@type":"PropertyValueSpecification","valueRequired":true,"valueName":"search_term_string"}}],"inLanguage":"es"}]}},"_links":{"self":[{"href":"https:\/\/minbis.com\/joaco\/wp-json\/wp\/v2\/pages\/3","targetHints":{"allow":["GET"]}}],"collection":[{"href":"https:\/\/minbis.com\/joaco\/wp-json\/wp\/v2\/pages"}],"about":[{"href":"https:\/\/minbis.com\/joaco\/wp-json\/wp\/v2\/types\/page"}],"author":[{"embeddable":true,"href":"https:\/\/minbis.com\/joaco\/wp-json\/wp\/v2\/users\/60"}],"replies":[{"embeddable":true,"href":"https:\/\/minbis.com\/joaco\/wp-json\/wp\/v2\/comments?post=3"}],"version-history":[{"count":1,"href":"https:\/\/minbis.com\/joaco\/wp-json\/wp\/v2\/pages\/3\/revisions"}],"predecessor-version":[{"id":13,"href":"https:\/\/minbis.com\/joaco\/wp-json\/wp\/v2\/pages\/3\/revisions\/13"}],"wp:attachment":[{"href":"https:\/\/minbis.com\/joaco\/wp-json\/wp\/v2\/media?parent=3"}],"curies":[{"name":"wp","href":"https:\/\/api.w.org\/{rel}","templated":true}]}}